{"id":551,"date":"2020-05-21T13:02:30","date_gmt":"2020-05-21T13:02:30","guid":{"rendered":"http:\/\/3styler.net\/themes\/anymag\/main\/?page_id=2"},"modified":"2021-07-14T22:41:10","modified_gmt":"2021-07-14T20:41:10","slug":"die-quartiere","status":"publish","type":"page","link":"https:\/\/03.2021.nwmgzn.neuerwall-hamburg.de\/english\/die-quartiere\/","title":{"rendered":"The districts"},"content":{"rendered":"<h2 class=\"wp-block-heading\">Neuer Wall &amp; Stadth\u00f6fe Hamburg<\/h2>\n\n\n\n<div style=\"height:39px\" aria-hidden=\"true\" class=\"wp-block-spacer\"><\/div>\n\n\n\n<figure class=\"wp-block-image size-large\"><img decoding=\"async\" loading=\"lazy\" width=\"1024\" height=\"519\" src=\"https:\/\/03.2021.nwmgzn.neuerwall-hamburg.de\/wp-content\/uploads\/2021\/07\/20210301_141522-01-1024x519.jpg\" alt=\"\" class=\"wp-image-1714\" srcset=\"https:\/\/03.2021.nwmgzn.neuerwall-hamburg.de\/wp-content\/uploads\/2021\/07\/20210301_141522-01-1024x519.jpg 1024w, https:\/\/03.2021.nwmgzn.neuerwall-hamburg.de\/wp-content\/uploads\/2021\/07\/20210301_141522-01-scaled-600x304.jpg 600w, https:\/\/03.2021.nwmgzn.neuerwall-hamburg.de\/wp-content\/uploads\/2021\/07\/20210301_141522-01-300x152.jpg 300w, https:\/\/03.2021.nwmgzn.neuerwall-hamburg.de\/wp-content\/uploads\/2021\/07\/20210301_141522-01-768x389.jpg 768w, https:\/\/03.2021.nwmgzn.neuerwall-hamburg.de\/wp-content\/uploads\/2021\/07\/20210301_141522-01-1536x778.jpg 1536w, https:\/\/03.2021.nwmgzn.neuerwall-hamburg.de\/wp-content\/uploads\/2021\/07\/20210301_141522-01-2048x1038.jpg 2048w\" sizes=\"(max-width: 1024px) 100vw, 1024px\" \/><\/figure>\n\n\n\n<div style=\"height:39px\" aria-hidden=\"true\" class=\"wp-block-spacer\"><\/div>\n\n\n\n<div class=\"wp-block-columns is-layout-flex wp-container-3 wp-block-columns-is-layout-flex\">\n<div class=\"wp-block-column is-layout-flow wp-block-column-is-layout-flow\">\n<p>Fashionable exclusivity is very important at Neuer Wall. Discover the latest trends and be inspired by the finest fashion.<\/p>\n<\/div>\n\n\n\n<div class=\"wp-block-column is-layout-flow wp-block-column-is-layout-flow\">\n<p>This also applies to our jewelers, who only have the most exclusive watches and the most beautiful jewelry in their range. There is also exclusivity at Neuer Wall to take home with you. Make yourself comfortable and exclusive in your own four walls.&nbsp;<\/p>\n<\/div>\n<\/div>\n\n\n\n<p><strong>The Neuer Wall is the address for exclusive shopping in Hamburg and is home to many world-famous brands and stores. Plan your next visit with a look at our stores. &nbsp;<\/strong><\/p>\n\n\n\n<div style=\"height:39px\" aria-hidden=\"true\" class=\"wp-block-spacer\"><\/div>\n\n\n\n<figure class=\"wp-block-image size-large\"><img decoding=\"async\" loading=\"lazy\" width=\"1024\" height=\"576\" src=\"https:\/\/03.2021.nwmgzn.neuerwall-hamburg.de\/wp-content\/uploads\/2020\/08\/upload-0311fef3-3bc8-4044-a1d2-605af46092b1-_1_-1024x576.png\" alt=\"\" class=\"wp-image-1511\" srcset=\"https:\/\/03.2021.nwmgzn.neuerwall-hamburg.de\/wp-content\/uploads\/2020\/08\/upload-0311fef3-3bc8-4044-a1d2-605af46092b1-_1_-1024x576.png 1024w, https:\/\/03.2021.nwmgzn.neuerwall-hamburg.de\/wp-content\/uploads\/2020\/08\/upload-0311fef3-3bc8-4044-a1d2-605af46092b1-_1_-600x338.png 600w, https:\/\/03.2021.nwmgzn.neuerwall-hamburg.de\/wp-content\/uploads\/2020\/08\/upload-0311fef3-3bc8-4044-a1d2-605af46092b1-_1_-300x169.png 300w, https:\/\/03.2021.nwmgzn.neuerwall-hamburg.de\/wp-content\/uploads\/2020\/08\/upload-0311fef3-3bc8-4044-a1d2-605af46092b1-_1_-768x432.png 768w, https:\/\/03.2021.nwmgzn.neuerwall-hamburg.de\/wp-content\/uploads\/2020\/08\/upload-0311fef3-3bc8-4044-a1d2-605af46092b1-_1_.png 1440w\" sizes=\"(max-width: 1024px) 100vw, 1024px\" \/><\/figure>\n\n\n\n<div style=\"height:39px\" aria-hidden=\"true\" class=\"wp-block-spacer\"><\/div>\n\n\n\n<h2 class=\"has-text-align-center wp-block-heading\">Die Boutiquen<\/h2>\n\n\n\n<div class=\"wp-block-columns is-layout-flex wp-container-7 wp-block-columns-is-layout-flex\">\n<div class=\"wp-block-column is-layout-flow wp-block-column-is-layout-flow\">\n<figure class=\"wp-block-image size-large\"><img decoding=\"async\" loading=\"lazy\" width=\"1024\" height=\"576\" src=\"https:\/\/03.2021.nwmgzn.neuerwall-hamburg.de\/wp-content\/uploads\/2021\/07\/made-in-hamburg-7-1024x576.png\" alt=\"\" class=\"wp-image-2242\" srcset=\"https:\/\/03.2021.nwmgzn.neuerwall-hamburg.de\/wp-content\/uploads\/2021\/07\/made-in-hamburg-7-1024x576.png 1024w, https:\/\/03.2021.nwmgzn.neuerwall-hamburg.de\/wp-content\/uploads\/2021\/07\/made-in-hamburg-7-300x169.png 300w, https:\/\/03.2021.nwmgzn.neuerwall-hamburg.de\/wp-content\/uploads\/2021\/07\/made-in-hamburg-7-768x432.png 768w, https:\/\/03.2021.nwmgzn.neuerwall-hamburg.de\/wp-content\/uploads\/2021\/07\/made-in-hamburg-7-1536x864.png 1536w, https:\/\/03.2021.nwmgzn.neuerwall-hamburg.de\/wp-content\/uploads\/2021\/07\/made-in-hamburg-7-16x9.png 16w, https:\/\/03.2021.nwmgzn.neuerwall-hamburg.de\/wp-content\/uploads\/2021\/07\/made-in-hamburg-7-600x338.png 600w, https:\/\/03.2021.nwmgzn.neuerwall-hamburg.de\/wp-content\/uploads\/2021\/07\/made-in-hamburg-7.png 1920w\" sizes=\"(max-width: 1024px) 100vw, 1024px\" \/><\/figure>\n<\/div>\n\n\n\n<div class=\"wp-block-column is-layout-flow wp-block-column-is-layout-flow\">\n<figure class=\"wp-block-image size-large\"><img decoding=\"async\" loading=\"lazy\" width=\"1024\" height=\"576\" src=\"https:\/\/03.2021.nwmgzn.neuerwall-hamburg.de\/wp-content\/uploads\/2021\/07\/3-1024x576.png\" alt=\"\" class=\"wp-image-2244\" srcset=\"https:\/\/03.2021.nwmgzn.neuerwall-hamburg.de\/wp-content\/uploads\/2021\/07\/3-1024x576.png 1024w, https:\/\/03.2021.nwmgzn.neuerwall-hamburg.de\/wp-content\/uploads\/2021\/07\/3-300x169.png 300w, https:\/\/03.2021.nwmgzn.neuerwall-hamburg.de\/wp-content\/uploads\/2021\/07\/3-768x432.png 768w, https:\/\/03.2021.nwmgzn.neuerwall-hamburg.de\/wp-content\/uploads\/2021\/07\/3-1536x864.png 1536w, https:\/\/03.2021.nwmgzn.neuerwall-hamburg.de\/wp-content\/uploads\/2021\/07\/3-16x9.png 16w, https:\/\/03.2021.nwmgzn.neuerwall-hamburg.de\/wp-content\/uploads\/2021\/07\/3-600x338.png 600w, https:\/\/03.2021.nwmgzn.neuerwall-hamburg.de\/wp-content\/uploads\/2021\/07\/3.png 1920w\" sizes=\"(max-width: 1024px) 100vw, 1024px\" \/><\/figure>\n<\/div>\n\n\n\n<div class=\"wp-block-column is-layout-flow wp-block-column-is-layout-flow\">\n<figure class=\"wp-block-image size-large\"><img decoding=\"async\" loading=\"lazy\" width=\"1024\" height=\"576\" src=\"https:\/\/03.2021.nwmgzn.neuerwall-hamburg.de\/wp-content\/uploads\/2021\/07\/2-1024x576.png\" alt=\"\" class=\"wp-image-2245\" srcset=\"https:\/\/03.2021.nwmgzn.neuerwall-hamburg.de\/wp-content\/uploads\/2021\/07\/2-1024x576.png 1024w, https:\/\/03.2021.nwmgzn.neuerwall-hamburg.de\/wp-content\/uploads\/2021\/07\/2-300x169.png 300w, https:\/\/03.2021.nwmgzn.neuerwall-hamburg.de\/wp-content\/uploads\/2021\/07\/2-768x432.png 768w, https:\/\/03.2021.nwmgzn.neuerwall-hamburg.de\/wp-content\/uploads\/2021\/07\/2-1536x864.png 1536w, https:\/\/03.2021.nwmgzn.neuerwall-hamburg.de\/wp-content\/uploads\/2021\/07\/2-16x9.png 16w, https:\/\/03.2021.nwmgzn.neuerwall-hamburg.de\/wp-content\/uploads\/2021\/07\/2-600x338.png 600w, https:\/\/03.2021.nwmgzn.neuerwall-hamburg.de\/wp-content\/uploads\/2021\/07\/2.png 1920w\" sizes=\"(max-width: 1024px) 100vw, 1024px\" \/><\/figure>\n<\/div>\n<\/div>\n\n\n\n<div class=\"wp-block-columns is-layout-flex wp-container-11 wp-block-columns-is-layout-flex\">\n<div class=\"wp-block-column is-layout-flow wp-block-column-is-layout-flow\">\n<figure class=\"wp-block-image size-large\"><img decoding=\"async\" loading=\"lazy\" width=\"1024\" height=\"576\" src=\"https:\/\/03.2021.nwmgzn.neuerwall-hamburg.de\/wp-content\/uploads\/2021\/07\/made-in-hamburg-8-1024x576.png\" alt=\"\" class=\"wp-image-2246\" srcset=\"https:\/\/03.2021.nwmgzn.neuerwall-hamburg.de\/wp-content\/uploads\/2021\/07\/made-in-hamburg-8-1024x576.png 1024w, https:\/\/03.2021.nwmgzn.neuerwall-hamburg.de\/wp-content\/uploads\/2021\/07\/made-in-hamburg-8-300x169.png 300w, https:\/\/03.2021.nwmgzn.neuerwall-hamburg.de\/wp-content\/uploads\/2021\/07\/made-in-hamburg-8-768x432.png 768w, https:\/\/03.2021.nwmgzn.neuerwall-hamburg.de\/wp-content\/uploads\/2021\/07\/made-in-hamburg-8-1536x864.png 1536w, https:\/\/03.2021.nwmgzn.neuerwall-hamburg.de\/wp-content\/uploads\/2021\/07\/made-in-hamburg-8-16x9.png 16w, https:\/\/03.2021.nwmgzn.neuerwall-hamburg.de\/wp-content\/uploads\/2021\/07\/made-in-hamburg-8-600x338.png 600w, https:\/\/03.2021.nwmgzn.neuerwall-hamburg.de\/wp-content\/uploads\/2021\/07\/made-in-hamburg-8.png 1920w\" sizes=\"(max-width: 1024px) 100vw, 1024px\" \/><\/figure>\n<\/div>\n\n\n\n<div class=\"wp-block-column is-layout-flow wp-block-column-is-layout-flow\">\n<figure class=\"wp-block-image size-large\"><img decoding=\"async\" loading=\"lazy\" width=\"1024\" height=\"576\" src=\"https:\/\/03.2021.nwmgzn.neuerwall-hamburg.de\/wp-content\/uploads\/2021\/07\/made-in-hamburg-9-1024x576.png\" alt=\"\" class=\"wp-image-2247\" srcset=\"https:\/\/03.2021.nwmgzn.neuerwall-hamburg.de\/wp-content\/uploads\/2021\/07\/made-in-hamburg-9-1024x576.png 1024w, https:\/\/03.2021.nwmgzn.neuerwall-hamburg.de\/wp-content\/uploads\/2021\/07\/made-in-hamburg-9-300x169.png 300w, https:\/\/03.2021.nwmgzn.neuerwall-hamburg.de\/wp-content\/uploads\/2021\/07\/made-in-hamburg-9-768x432.png 768w, https:\/\/03.2021.nwmgzn.neuerwall-hamburg.de\/wp-content\/uploads\/2021\/07\/made-in-hamburg-9-1536x864.png 1536w, https:\/\/03.2021.nwmgzn.neuerwall-hamburg.de\/wp-content\/uploads\/2021\/07\/made-in-hamburg-9-16x9.png 16w, https:\/\/03.2021.nwmgzn.neuerwall-hamburg.de\/wp-content\/uploads\/2021\/07\/made-in-hamburg-9-600x338.png 600w, https:\/\/03.2021.nwmgzn.neuerwall-hamburg.de\/wp-content\/uploads\/2021\/07\/made-in-hamburg-9.png 1920w\" sizes=\"(max-width: 1024px) 100vw, 1024px\" \/><\/figure>\n<\/div>\n\n\n\n<div class=\"wp-block-column is-layout-flow wp-block-column-is-layout-flow\">\n<figure class=\"wp-block-image size-large\"><img decoding=\"async\" loading=\"lazy\" width=\"1024\" height=\"576\" src=\"https:\/\/03.2021.nwmgzn.neuerwall-hamburg.de\/wp-content\/uploads\/2021\/07\/made-in-hamburg-10-1024x576.png\" alt=\"\" class=\"wp-image-2248\" srcset=\"https:\/\/03.2021.nwmgzn.neuerwall-hamburg.de\/wp-content\/uploads\/2021\/07\/made-in-hamburg-10-1024x576.png 1024w, https:\/\/03.2021.nwmgzn.neuerwall-hamburg.de\/wp-content\/uploads\/2021\/07\/made-in-hamburg-10-300x169.png 300w, https:\/\/03.2021.nwmgzn.neuerwall-hamburg.de\/wp-content\/uploads\/2021\/07\/made-in-hamburg-10-768x432.png 768w, https:\/\/03.2021.nwmgzn.neuerwall-hamburg.de\/wp-content\/uploads\/2021\/07\/made-in-hamburg-10-1536x864.png 1536w, https:\/\/03.2021.nwmgzn.neuerwall-hamburg.de\/wp-content\/uploads\/2021\/07\/made-in-hamburg-10-16x9.png 16w, https:\/\/03.2021.nwmgzn.neuerwall-hamburg.de\/wp-content\/uploads\/2021\/07\/made-in-hamburg-10-600x338.png 600w, https:\/\/03.2021.nwmgzn.neuerwall-hamburg.de\/wp-content\/uploads\/2021\/07\/made-in-hamburg-10.png 1920w\" sizes=\"(max-width: 1024px) 100vw, 1024px\" \/><\/figure>\n<\/div>\n<\/div>\n\n\n\n<div class=\"wp-block-columns is-layout-flex wp-container-15 wp-block-columns-is-layout-flex\">\n<div class=\"wp-block-column is-layout-flow wp-block-column-is-layout-flow\">\n<figure class=\"wp-block-image size-large\"><img decoding=\"async\" loading=\"lazy\" width=\"1024\" height=\"576\" src=\"https:\/\/03.2021.nwmgzn.neuerwall-hamburg.de\/wp-content\/uploads\/2021\/07\/made-in-hamburg-11-1024x576.png\" alt=\"\" class=\"wp-image-2255\" srcset=\"https:\/\/03.2021.nwmgzn.neuerwall-hamburg.de\/wp-content\/uploads\/2021\/07\/made-in-hamburg-11-1024x576.png 1024w, https:\/\/03.2021.nwmgzn.neuerwall-hamburg.de\/wp-content\/uploads\/2021\/07\/made-in-hamburg-11-300x169.png 300w, https:\/\/03.2021.nwmgzn.neuerwall-hamburg.de\/wp-content\/uploads\/2021\/07\/made-in-hamburg-11-768x432.png 768w, https:\/\/03.2021.nwmgzn.neuerwall-hamburg.de\/wp-content\/uploads\/2021\/07\/made-in-hamburg-11-1536x864.png 1536w, https:\/\/03.2021.nwmgzn.neuerwall-hamburg.de\/wp-content\/uploads\/2021\/07\/made-in-hamburg-11-16x9.png 16w, https:\/\/03.2021.nwmgzn.neuerwall-hamburg.de\/wp-content\/uploads\/2021\/07\/made-in-hamburg-11-600x338.png 600w, https:\/\/03.2021.nwmgzn.neuerwall-hamburg.de\/wp-content\/uploads\/2021\/07\/made-in-hamburg-11.png 1920w\" sizes=\"(max-width: 1024px) 100vw, 1024px\" \/><\/figure>\n<\/div>\n\n\n\n<div class=\"wp-block-column is-layout-flow wp-block-column-is-layout-flow\">\n<figure class=\"wp-block-image size-large\"><img decoding=\"async\" loading=\"lazy\" width=\"1024\" height=\"576\" src=\"https:\/\/03.2021.nwmgzn.neuerwall-hamburg.de\/wp-content\/uploads\/2021\/07\/made-in-hamburg-12-1024x576.png\" alt=\"\" class=\"wp-image-2254\" srcset=\"https:\/\/03.2021.nwmgzn.neuerwall-hamburg.de\/wp-content\/uploads\/2021\/07\/made-in-hamburg-12-1024x576.png 1024w, https:\/\/03.2021.nwmgzn.neuerwall-hamburg.de\/wp-content\/uploads\/2021\/07\/made-in-hamburg-12-300x169.png 300w, https:\/\/03.2021.nwmgzn.neuerwall-hamburg.de\/wp-content\/uploads\/2021\/07\/made-in-hamburg-12-768x432.png 768w, https:\/\/03.2021.nwmgzn.neuerwall-hamburg.de\/wp-content\/uploads\/2021\/07\/made-in-hamburg-12-1536x864.png 1536w, https:\/\/03.2021.nwmgzn.neuerwall-hamburg.de\/wp-content\/uploads\/2021\/07\/made-in-hamburg-12-16x9.png 16w, https:\/\/03.2021.nwmgzn.neuerwall-hamburg.de\/wp-content\/uploads\/2021\/07\/made-in-hamburg-12-600x338.png 600w, https:\/\/03.2021.nwmgzn.neuerwall-hamburg.de\/wp-content\/uploads\/2021\/07\/made-in-hamburg-12.png 1920w\" sizes=\"(max-width: 1024px) 100vw, 1024px\" \/><\/figure>\n<\/div>\n\n\n\n<div class=\"wp-block-column is-layout-flow wp-block-column-is-layout-flow\">\n<figure class=\"wp-block-image size-large is-resized\"><img decoding=\"async\" loading=\"lazy\" src=\"https:\/\/03.2021.nwmgzn.neuerwall-hamburg.de\/wp-content\/uploads\/2021\/07\/made-in-hamburg-13-1024x576.png\" alt=\"\" class=\"wp-image-2253\" width=\"265\" height=\"149\" srcset=\"https:\/\/03.2021.nwmgzn.neuerwall-hamburg.de\/wp-content\/uploads\/2021\/07\/made-in-hamburg-13-1024x576.png 1024w, https:\/\/03.2021.nwmgzn.neuerwall-hamburg.de\/wp-content\/uploads\/2021\/07\/made-in-hamburg-13-300x169.png 300w, https:\/\/03.2021.nwmgzn.neuerwall-hamburg.de\/wp-content\/uploads\/2021\/07\/made-in-hamburg-13-768x432.png 768w, https:\/\/03.2021.nwmgzn.neuerwall-hamburg.de\/wp-content\/uploads\/2021\/07\/made-in-hamburg-13-1536x864.png 1536w, https:\/\/03.2021.nwmgzn.neuerwall-hamburg.de\/wp-content\/uploads\/2021\/07\/made-in-hamburg-13-16x9.png 16w, https:\/\/03.2021.nwmgzn.neuerwall-hamburg.de\/wp-content\/uploads\/2021\/07\/made-in-hamburg-13-600x338.png 600w, https:\/\/03.2021.nwmgzn.neuerwall-hamburg.de\/wp-content\/uploads\/2021\/07\/made-in-hamburg-13.png 1920w\" sizes=\"(max-width: 265px) 100vw, 265px\" \/><\/figure>\n<\/div>\n<\/div>\n\n\n\n<p class=\"has-text-align-center\"><span style=\"color:#fc9176\" class=\"has-inline-color\"><a href=\"https:\/\/www.neuerwall-hamburg.de\/de\/shopping\" target=\"_blank\" rel=\"noreferrer noopener\">Here is the complete overview<\/a><\/span><\/p>\n\n\n\n<p><\/p>","protected":false},"excerpt":{"rendered":"<p>Neuer Wall &amp; Stadth\u00f6fe Hamburg Modische Exklusivit\u00e4t wird am Neuen Wall gro\u00df geschrieben. Entdecke die neusten Trends und lasse dich von feinster Mode inspirieren. So auch unseren Juwelieren, die nur die exklusivsten Uhren und sch\u00f6nsten Schmuckwaren f\u00fcr dich im Sortiment haben. Exklusivit\u00e4t gibt es am Neuen Wall auch zum Mitnehmen f\u00fcr dein Zuhause. Mache es [&hellip;]<\/p>","protected":false},"author":1,"featured_media":1715,"parent":0,"menu_order":0,"comment_status":"closed","ping_status":"open","template":"","meta":{"footnotes":""},"tags":[106,68,104,69,105],"acf":[],"aioseo_notices":[],"_links":{"self":[{"href":"https:\/\/03.2021.nwmgzn.neuerwall-hamburg.de\/english\/wp-json\/wp\/v2\/pages\/551"}],"collection":[{"href":"https:\/\/03.2021.nwmgzn.neuerwall-hamburg.de\/english\/wp-json\/wp\/v2\/pages"}],"about":[{"href":"https:\/\/03.2021.nwmgzn.neuerwall-hamburg.de\/english\/wp-json\/wp\/v2\/types\/page"}],"author":[{"embeddable":true,"href":"https:\/\/03.2021.nwmgzn.neuerwall-hamburg.de\/english\/wp-json\/wp\/v2\/users\/1"}],"replies":[{"embeddable":true,"href":"https:\/\/03.2021.nwmgzn.neuerwall-hamburg.de\/english\/wp-json\/wp\/v2\/comments?post=551"}],"version-history":[{"count":10,"href":"https:\/\/03.2021.nwmgzn.neuerwall-hamburg.de\/english\/wp-json\/wp\/v2\/pages\/551\/revisions"}],"predecessor-version":[{"id":2262,"href":"https:\/\/03.2021.nwmgzn.neuerwall-hamburg.de\/english\/wp-json\/wp\/v2\/pages\/551\/revisions\/2262"}],"wp:featuredmedia":[{"embeddable":true,"href":"https:\/\/03.2021.nwmgzn.neuerwall-hamburg.de\/english\/wp-json\/wp\/v2\/media\/1715"}],"wp:attachment":[{"href":"https:\/\/03.2021.nwmgzn.neuerwall-hamburg.de\/english\/wp-json\/wp\/v2\/media?parent=551"}],"wp:term":[{"taxonomy":"post_tag","embeddable":true,"href":"https:\/\/03.2021.nwmgzn.neuerwall-hamburg.de\/english\/wp-json\/wp\/v2\/tags?post=551"}],"curies":[{"name":"wp","href":"https:\/\/api.w.org\/{rel}","templated":true}]}}